{"id":1894,"date":"2022-09-02T11:54:55","date_gmt":"2022-09-02T09:54:55","guid":{"rendered":"https:\/\/krolsielaw.pl\/?page_id=1894"},"modified":"2022-09-08T11:42:24","modified_gmt":"2022-09-08T09:42:24","slug":"mazurzy-kim-byli-kim-sa","status":"publish","type":"page","link":"https:\/\/krolsielaw.pl\/en\/mazurzy-kim-byli-kim-sa\/","title":{"rendered":"Mazurians &#8211; who were they? Who are they?"},"content":{"rendered":"\n<header id=\"header-block_624d8ff552e36\" class=\"header\">\n    <div class=\"header-main ttm-page-title-row\" style=\"background-image: url(https:\/\/krolsielaw.pl\/wp-content\/uploads\/2021\/12\/fot.-klimek-12.jpg);\">\n<div class=\"ttm-row-wrapper-bg-layer ttm-bgcolor-darkgrey ttm-bg ttm-bgimage-yes ttm-bg-layer hero-image-overlay\" style=\"opacity:0.6\"><\/div>\n    <div class=\"container\">\n        <div class=\"row\">\n            <div class=\"col-md-12\">\n                <div class=\"title-box\">\n                    <div class=\"page-title-heading\">\n                        <h1 class=\"title\">MAZURIANS &#8211; WHO WERE THEY? WHO ARE THEY?<\/h1>\n                    <\/div>\n                    <div class=\"breadcrumb-wrapper\">\n                        <\/div>                    <\/div>\n                <\/div>\n            <\/div>\n        <\/div>\n    <\/div>\n<\/div><\/header>\n\n\n<section id=\"header-section-block_624d903252e37\" class=\"header-section mb-50 ttm-row story-section position-relative clearfix  header-section\">\n        <div class=\"container\">\n        <div class=\"row\">\n            <div class=\"col-md-10 offset-md-1 col-lg-8 offset-lg-2\">\n                <div class=\"section-title text-center clearfix\">\n                    <div class=\"title-header\">\n                        <h5>Mazurians &#8211; who were they? Who are they?<\/h5>\n                        <h2 class=\"title\">   <\/h2>\n                    <\/div>\n                    <div class=\"heading-seperator\">\n                        <span><\/span>\n                    <\/div>\n                <\/div>\n            <\/div>\n        <\/div>\n        <div class=\"row\">\n            <div class=\"col-md-10 offset-md-1 col-lg-8 offset-lg-2 editor-wysiwyg text-center desc-list-wysiwyg\">\n                <p style=\"text-align: left;\">Who exactly are the Mazurians?<br \/>\nAre they just people living in Masuria?<br \/>\nIs it possible to call anyone who lives in the Land of a Thousand Lakes?<\/p>\n<p style=\"text-align: left;\"><strong>Maybe let&#8217;s start from the beginning, so a bit of history.<\/strong><\/p>\n<p style=\"text-align: left;\"><span style=\"font-weight: 400;\">The pagan tribes of Prussia lived here, conquered in the 13th century by the Teutonic Knights. The pagan tribe of Warmia lived in Warmia, after which this land took its name, which the Pope then gave under the authority of the bishops. On the conquered lands of Prussia, the Teutonic Knights built their monastic state. There, colonists coming from Mazovia began to establish their settlements. The area where they founded their villages was later called Masuria.<\/span><\/p>\n<p><img decoding=\"async\" loading=\"lazy\" class=\"wp-image-944 size-thumbnail aligncenter\" src=\"https:\/\/krolsielaw.pl\/wp-content\/uploads\/2022\/04\/granice-warmi-i-mazur-600x398.jpeg\" alt=\"\" width=\"600\" height=\"398\" srcset=\"https:\/\/krolsielaw.pl\/wp-content\/uploads\/2022\/04\/granice-warmi-i-mazur-600x398.jpeg 600w, https:\/\/krolsielaw.pl\/wp-content\/uploads\/2022\/04\/granice-warmi-i-mazur-768x509.jpeg 768w, https:\/\/krolsielaw.pl\/wp-content\/uploads\/2022\/04\/granice-warmi-i-mazur.jpeg 960w\" sizes=\"(max-width: 600px) 100vw, 600px\" \/><\/p>\n<p style=\"text-align: left;\"><strong>It is worth mentioning that the very name of Masuria was popular only in the 19th century!<\/strong><\/p>\n<p style=\"text-align: left;\"><span style=\"font-weight: 400;\">It can be said that Masurians are immigrants who, from the turn of the 15th and 16th centuries, migrated (or escaped) to the territories of the Teutonic State from overpopulated northern Mazovia. Masurians, going from the south, reached the Great Masurian Lakes, where they founded their villages, then some turned into cities, where they spoke their language &#8211; then Polish. Masurians cultivated regional rituals and customs. They formed relatively closed communities with a typically agricultural culture separate from the culture of German colonists, Prussian inhabitants or Lithuanian-speaking neighbours.<\/span><\/p>\n<p style=\"text-align: left;\"><span style=\"font-weight: 400;\">If you want to see what the Masurians looked like, get to know their customs and everyday life and look at Masuria from the observation towers, it is worth going to the places from the list below:<\/span><\/p>\n<p style=\"text-align: left;\"><span style=\"font-weight: 400;\"> The Museum of the Polish Reformation in Miko\u0142ajki &#8211; here you will find out that the real Masuria is an Evangelical one;<\/span><\/p>\n<p style=\"text-align: left;\"><span style=\"font-weight: 400;\"> Marcinkowo &#8211; Regional Chamber: here you will see how the Masurians dressed and what equipment were used on a daily basis<\/span><\/p>\n<p style=\"text-align: left;\"><span style=\"font-weight: 400;\"> Miko\u0142ajki, Mr\u0105gowo, Gi\u017cycko: here you will see Evangelical churches, and if you ask pastors, you will learn something about the history and everyday life of Evangelicals<\/span><\/p>\n<p style=\"text-align: left;\"><span style=\"font-weight: 400;\"> Kadzid\u0142owo &#8211; Cultural Settlement: here you will see where and how the Masurians lived<\/span><\/p>\n<p style=\"text-align: left;\"><span style=\"font-weight: 400;\"> Mu\u0142awki &#8211; The 19th century manor house: a historic manor house that was situated in the Masurian landscape<\/span><\/p>\n<p style=\"text-align: left;\"><span style=\"font-weight: 400;\"> Bez\u0142awki &#8211; church (former Teutonic castle): the church does not function and is closed every day, but with a bit of luck, you can climb the 18th-century tower, from which there is an amazing view of the Masurian landscapes;<\/span><\/p>\n<p style=\"text-align: left;\"><span style=\"font-weight: 400;\"> Gierloz &#8211; Hitler&#8217;s headquarters: here you will see the sad consequences, the continuation of the history of Masurian land and learn about the backstage of the attack on Hitler on July 20, 1944.<\/span><\/p>\n<p style=\"text-align: left;\"><span style=\"font-weight: 400;\"> Mamerki &#8211; the headquarters of the Reich army: here you will also see bunkers in the quarters that survived World War II, historical plaques and the reconstruction of the Amber Room, and you will enter a high, metal observation tower with a great view of Masuria<\/span><\/p>\n<p><img decoding=\"async\" loading=\"lazy\" class=\"aligncenter wp-image-958 size-thumbnail\" src=\"https:\/\/krolsielaw.pl\/wp-content\/uploads\/2022\/04\/zagroda-mazurska-600x352.png\" alt=\"\" width=\"600\" height=\"352\" srcset=\"https:\/\/krolsielaw.pl\/wp-content\/uploads\/2022\/04\/zagroda-mazurska-600x352.png 600w, https:\/\/krolsielaw.pl\/wp-content\/uploads\/2022\/04\/zagroda-mazurska-768x450.png 768w, https:\/\/krolsielaw.pl\/wp-content\/uploads\/2022\/04\/zagroda-mazurska.png 1024w\" sizes=\"(max-width: 600px) 100vw, 600px\" \/><\/p>\n<p style=\"text-align: left;\"><span style=\"font-weight: 400;\">After the defeat of World War I by Germany, the victorious countries agreed that in some areas of the present Republic of Poland (including Silesia and Masuria), plebiscites (votes) would be held about the country in which the current inhabitants wanted to live. In Masuria, 99% of voters in the 1920 plebiscite wanted Masuria to stay in Germany (formally: in East Prussia). Poland, which returned to the maps of Europe after more than 120 years, was for them a new, unknown and less attractive state than the Prussian state where their ancestors lived for 300 years.<\/span><\/p>\n<p style=\"text-align: left;\"><span style=\"font-weight: 400;\">Meanwhile, the myth that Masurians really wanted to belong to Poland has become established in Polish literature, but the Germans made it impossible for them by intimidating their citizens. The truth, as always, turned out to be much more complicated. Even though the Germans, even under the threat of corporal punishment, persuaded the people to vote in favor of remaining in their country, only a dozen or so percent would vote for incorporation into the Polish state.<\/span><\/p>\n<p style=\"text-align: left;\"><span style=\"font-weight: 400;\">Only after the Germans lost the war, Masuria was incorporated into Poland in 1945<\/span><span style=\"font-weight: 400;\">Masurians were a typically agricultural community, deprived of a layer of urban intelligentsia. Although they did not develop a strong representation, there were people who studied at the University of K\u00f6nigsberg. Masurian youth undertook activities there to integrate the Masurian community, perpetuating Masurian culture, history and customs. This is how the design of the Masurian flag was born, which symbolizes the Masurian community to this day. Its three colors: blue, white and red refer to the colors of the Masovia Student Corporation, which was founded in 1830 by Masovian students at the University of K\u00f6nigsberg (the former capital of Prussia, today Kaliningrad). They borrowed the colors from the colors of the French Revolution, which symbolized:<\/span><\/p>\n<p style=\"text-align: center;\"><span style=\"font-weight: 400;\">fidelity &#8211; blue<br \/>\n<\/span><span style=\"font-weight: 400;\">honour &#8211; whiteness<br \/>\n<\/span><span style=\"font-weight: 400;\">love of law and truth &#8211; red<\/span><\/p>\n<p><img decoding=\"async\" loading=\"lazy\" class=\"aligncenter wp-image-968\" src=\"https:\/\/krolsielaw.pl\/wp-content\/uploads\/2022\/04\/flaga-600x360.png\" alt=\"\" width=\"400\" height=\"240\" srcset=\"https:\/\/krolsielaw.pl\/wp-content\/uploads\/2022\/04\/flaga-600x360.png 600w, https:\/\/krolsielaw.pl\/wp-content\/uploads\/2022\/04\/flaga-768x461.png 768w, https:\/\/krolsielaw.pl\/wp-content\/uploads\/2022\/04\/flaga.png 1024w\" sizes=\"(max-width: 400px) 100vw, 400px\" \/><\/p>\n<p style=\"text-align: left;\"><strong>Each region, apart from the dialect, customs and religion, also has its own traditional folk costume.<\/strong><\/p>\n<p style=\"text-align: left;\"><span style=\"font-weight: 400;\">The people of Masuria were not rich, therefore the costumes were simple, austere and did not have too many decorations. Weaving was a very well developed field of home production in the Masuria region. Women&#8217;s and men&#8217;s clothing differed depending on the season, property status, and the circumstances in which the garment was worn. The Masurian outfit was in common use in the years 1820-1870. They were sewn from homespun fabrics in dark and subdued colors, with stripes or checks. Fragments of such fabrics have been preserved. The women did not wear an apron with their festive attire. They wore a black velvet or white linen cap over their heads, and the caftan and skirt were usually of the same material. Amber necklaces were worn.<\/span><\/p>\n<p><img decoding=\"async\" loading=\"lazy\" class=\"aligncenter wp-image-973 size-thumbnail\" src=\"https:\/\/krolsielaw.pl\/wp-content\/uploads\/2022\/04\/stro\u0301j-mazurski-413x600.jpg\" alt=\"\" width=\"413\" height=\"600\" srcset=\"https:\/\/krolsielaw.pl\/wp-content\/uploads\/2022\/04\/stro\u0301j-mazurski-413x600.jpg 413w, https:\/\/krolsielaw.pl\/wp-content\/uploads\/2022\/04\/stro\u0301j-mazurski.jpg 701w\" sizes=\"(max-width: 413px) 100vw, 413px\" \/><\/p>\n<p style=\"text-align: left;\"><span style=\"font-weight: 400;\">Who can be called Mazur today? After all, we are in the 21st century, people whose ancestors came here after the war live in Masuria, and their graves are here. And yet, even intuitively, we feel that Masuria, who were citizens of the German state before the war, differ from Masuria, who call themselves that because of their current residence and origin from post-war settlers.<\/span><\/p>\n<p style=\"text-align: left;\"><span style=\"font-weight: 400;\">A new generation of people who were born here lives and builds a new Masuria in Masuria. They say that they are Masuria because they grew up in Masuria. Here is their world, their home, here are their roots. It is worth knowing, however, that it is a group differently, historically or mentally than the descendants of the Masurians who lived here before the war, whose ancestors had lived in Masuria for hundreds of years. These are no longer people who use the Masurian dialect or are Evangelicals.<\/span><\/p>\n            <\/div>\n            <div class=\"col-md-12\">\n                <div class=\"mt-20\">\n                                    <\/div>\n            <\/div>\n        <\/div>\n    <\/div>\n<\/section>","protected":false},"excerpt":{"rendered":"","protected":false},"author":2,"featured_media":0,"parent":0,"menu_order":0,"comment_status":"closed","ping_status":"closed","template":"","meta":[],"acf":[],"yoast_head":"<!-- This site is optimized with the Yoast SEO plugin v20.2.1 - https:\/\/yoast.com\/wordpress\/plugins\/seo\/ -->\n<title>Mazurians - who were they? Who are they? - Krol Sielaw<\/title>\n<meta name=\"robots\" content=\"index, follow, max-snippet:-1, max-image-preview:large, max-video-preview:-1\" \/>\n<link rel=\"canonical\" href=\"https:\/\/krolsielaw.pl\/en\/mazurzy-kim-byli-kim-sa\/\" \/>\n<meta property=\"og:locale\" content=\"en_US\" \/>\n<meta property=\"og:type\" content=\"article\" \/>\n<meta property=\"og:title\" content=\"Mazurians - who were they? Who are they? - Krol Sielaw\" \/>\n<meta property=\"og:url\" content=\"https:\/\/krolsielaw.pl\/en\/mazurzy-kim-byli-kim-sa\/\" \/>\n<meta property=\"og:site_name\" content=\"Krol Sielaw\" \/>\n<meta property=\"article:publisher\" content=\"https:\/\/www.facebook.com\/krolsielaw\" \/>\n<meta property=\"article:modified_time\" content=\"2022-09-08T09:42:24+00:00\" \/>\n<meta property=\"og:image\" content=\"https:\/\/krolsielaw.pl\/wp-content\/uploads\/2021\/11\/cropped-icon-sielaw-1.png\" \/>\n\t<meta property=\"og:image:width\" content=\"512\" \/>\n\t<meta property=\"og:image:height\" content=\"512\" \/>\n\t<meta property=\"og:image:type\" content=\"image\/png\" \/>\n<meta name=\"twitter:card\" content=\"summary_large_image\" \/>\n<script type=\"application\/ld+json\" class=\"yoast-schema-graph\">{\"@context\":\"https:\/\/schema.org\",\"@graph\":[{\"@type\":\"WebPage\",\"@id\":\"https:\/\/krolsielaw.pl\/en\/mazurzy-kim-byli-kim-sa\/\",\"url\":\"https:\/\/krolsielaw.pl\/en\/mazurzy-kim-byli-kim-sa\/\",\"name\":\"Mazurians - who were they? Who are they? - Krol Sielaw\",\"isPartOf\":{\"@id\":\"https:\/\/krolsielaw.pl\/#website\"},\"datePublished\":\"2022-09-02T09:54:55+00:00\",\"dateModified\":\"2022-09-08T09:42:24+00:00\",\"breadcrumb\":{\"@id\":\"https:\/\/krolsielaw.pl\/en\/mazurzy-kim-byli-kim-sa\/#breadcrumb\"},\"inLanguage\":\"en-US\",\"potentialAction\":[{\"@type\":\"ReadAction\",\"target\":[\"https:\/\/krolsielaw.pl\/en\/mazurzy-kim-byli-kim-sa\/\"]}]},{\"@type\":\"BreadcrumbList\",\"@id\":\"https:\/\/krolsielaw.pl\/en\/mazurzy-kim-byli-kim-sa\/#breadcrumb\",\"itemListElement\":[{\"@type\":\"ListItem\",\"position\":1,\"name\":\"Strona g\u0142\u00f3wna\",\"item\":\"https:\/\/krolsielaw.pl\/en\/\"},{\"@type\":\"ListItem\",\"position\":2,\"name\":\"Mazurians &#8211; who were they? Who are they?\"}]},{\"@type\":\"WebSite\",\"@id\":\"https:\/\/krolsielaw.pl\/#website\",\"url\":\"https:\/\/krolsielaw.pl\/\",\"name\":\"Krol Sielaw\",\"description\":\"Go\u015bciniec Kr\u00f3l Sielaw\",\"publisher\":{\"@id\":\"https:\/\/krolsielaw.pl\/#organization\"},\"alternateName\":\"www.krolsielaw.pl\",\"potentialAction\":[{\"@type\":\"SearchAction\",\"target\":{\"@type\":\"EntryPoint\",\"urlTemplate\":\"https:\/\/krolsielaw.pl\/?s={search_term_string}\"},\"query-input\":\"required name=search_term_string\"}],\"inLanguage\":\"en-US\"},{\"@type\":\"Organization\",\"@id\":\"https:\/\/krolsielaw.pl\/#organization\",\"name\":\"Krol Sielaw\",\"url\":\"https:\/\/krolsielaw.pl\/\",\"logo\":{\"@type\":\"ImageObject\",\"inLanguage\":\"en-US\",\"@id\":\"https:\/\/krolsielaw.pl\/#\/schema\/logo\/image\/\",\"url\":\"https:\/\/krolsielaw.pl\/wp-content\/uploads\/2022\/01\/cropped-logokrolsielaw-1-1.png\",\"contentUrl\":\"https:\/\/krolsielaw.pl\/wp-content\/uploads\/2022\/01\/cropped-logokrolsielaw-1-1.png\",\"width\":186,\"height\":66,\"caption\":\"Krol Sielaw\"},\"image\":{\"@id\":\"https:\/\/krolsielaw.pl\/#\/schema\/logo\/image\/\"},\"sameAs\":[\"https:\/\/www.facebook.com\/krolsielaw\"]}]}<\/script>\n<!-- \/ Yoast SEO plugin. -->","yoast_head_json":{"title":"Mazurians - who were they? Who are they? - Krol Sielaw","robots":{"index":"index","follow":"follow","max-snippet":"max-snippet:-1","max-image-preview":"max-image-preview:large","max-video-preview":"max-video-preview:-1"},"canonical":"https:\/\/krolsielaw.pl\/en\/mazurzy-kim-byli-kim-sa\/","og_locale":"en_US","og_type":"article","og_title":"Mazurians - who were they? Who are they? - Krol Sielaw","og_url":"https:\/\/krolsielaw.pl\/en\/mazurzy-kim-byli-kim-sa\/","og_site_name":"Krol Sielaw","article_publisher":"https:\/\/www.facebook.com\/krolsielaw","article_modified_time":"2022-09-08T09:42:24+00:00","og_image":[{"width":512,"height":512,"url":"https:\/\/krolsielaw.pl\/wp-content\/uploads\/2021\/11\/cropped-icon-sielaw-1.png","type":"image\/png"}],"twitter_card":"summary_large_image","schema":{"@context":"https:\/\/schema.org","@graph":[{"@type":"WebPage","@id":"https:\/\/krolsielaw.pl\/en\/mazurzy-kim-byli-kim-sa\/","url":"https:\/\/krolsielaw.pl\/en\/mazurzy-kim-byli-kim-sa\/","name":"Mazurians - who were they? Who are they? - Krol Sielaw","isPartOf":{"@id":"https:\/\/krolsielaw.pl\/#website"},"datePublished":"2022-09-02T09:54:55+00:00","dateModified":"2022-09-08T09:42:24+00:00","breadcrumb":{"@id":"https:\/\/krolsielaw.pl\/en\/mazurzy-kim-byli-kim-sa\/#breadcrumb"},"inLanguage":"en-US","potentialAction":[{"@type":"ReadAction","target":["https:\/\/krolsielaw.pl\/en\/mazurzy-kim-byli-kim-sa\/"]}]},{"@type":"BreadcrumbList","@id":"https:\/\/krolsielaw.pl\/en\/mazurzy-kim-byli-kim-sa\/#breadcrumb","itemListElement":[{"@type":"ListItem","position":1,"name":"Strona g\u0142\u00f3wna","item":"https:\/\/krolsielaw.pl\/en\/"},{"@type":"ListItem","position":2,"name":"Mazurians &#8211; who were they? Who are they?"}]},{"@type":"WebSite","@id":"https:\/\/krolsielaw.pl\/#website","url":"https:\/\/krolsielaw.pl\/","name":"Krol Sielaw","description":"Go\u015bciniec Kr\u00f3l Sielaw","publisher":{"@id":"https:\/\/krolsielaw.pl\/#organization"},"alternateName":"www.krolsielaw.pl","potentialAction":[{"@type":"SearchAction","target":{"@type":"EntryPoint","urlTemplate":"https:\/\/krolsielaw.pl\/?s={search_term_string}"},"query-input":"required name=search_term_string"}],"inLanguage":"en-US"},{"@type":"Organization","@id":"https:\/\/krolsielaw.pl\/#organization","name":"Krol Sielaw","url":"https:\/\/krolsielaw.pl\/","logo":{"@type":"ImageObject","inLanguage":"en-US","@id":"https:\/\/krolsielaw.pl\/#\/schema\/logo\/image\/","url":"https:\/\/krolsielaw.pl\/wp-content\/uploads\/2022\/01\/cropped-logokrolsielaw-1-1.png","contentUrl":"https:\/\/krolsielaw.pl\/wp-content\/uploads\/2022\/01\/cropped-logokrolsielaw-1-1.png","width":186,"height":66,"caption":"Krol Sielaw"},"image":{"@id":"https:\/\/krolsielaw.pl\/#\/schema\/logo\/image\/"},"sameAs":["https:\/\/www.facebook.com\/krolsielaw"]}]}},"_links":{"self":[{"href":"https:\/\/krolsielaw.pl\/en\/wp-json\/wp\/v2\/pages\/1894"}],"collection":[{"href":"https:\/\/krolsielaw.pl\/en\/wp-json\/wp\/v2\/pages"}],"about":[{"href":"https:\/\/krolsielaw.pl\/en\/wp-json\/wp\/v2\/types\/page"}],"author":[{"embeddable":true,"href":"https:\/\/krolsielaw.pl\/en\/wp-json\/wp\/v2\/users\/2"}],"replies":[{"embeddable":true,"href":"https:\/\/krolsielaw.pl\/en\/wp-json\/wp\/v2\/comments?post=1894"}],"version-history":[{"count":10,"href":"https:\/\/krolsielaw.pl\/en\/wp-json\/wp\/v2\/pages\/1894\/revisions"}],"predecessor-version":[{"id":2131,"href":"https:\/\/krolsielaw.pl\/en\/wp-json\/wp\/v2\/pages\/1894\/revisions\/2131"}],"wp:attachment":[{"href":"https:\/\/krolsielaw.pl\/en\/wp-json\/wp\/v2\/media?parent=1894"}],"curies":[{"name":"wp","href":"https:\/\/api.w.org\/{rel}","templated":true}]}}