{"id":1900,"date":"2022-09-02T12:56:02","date_gmt":"2022-09-02T10:56:02","guid":{"rendered":"https:\/\/krolsielaw.pl\/?page_id=1900"},"modified":"2022-09-08T13:19:25","modified_gmt":"2022-09-08T11:19:25","slug":"gwara-mazurska-chcema-tu-poziedac-by-kucno-nie-byl-chcemy-tu-poopowiadac-zeby-nudno-nie-bylo","status":"publish","type":"page","link":"https:\/\/krolsielaw.pl\/en\/gwara-mazurska-chcema-tu-poziedac-by-kucno-nie-byl-chcemy-tu-poopowiadac-zeby-nudno-nie-bylo\/","title":{"rendered":"Masurian dialogue"},"content":{"rendered":"\n<header id=\"header-block_624ec2abc7169\" class=\"header\">\n    <div class=\"header-main ttm-page-title-row\" style=\"background-image: url(https:\/\/krolsielaw.pl\/wp-content\/uploads\/2021\/12\/fot.-klimek-12.jpg);\">\n<div class=\"ttm-row-wrapper-bg-layer ttm-bgcolor-darkgrey ttm-bg ttm-bgimage-yes ttm-bg-layer hero-image-overlay\" style=\"opacity:0.6\"><\/div>\n    <div class=\"container\">\n        <div class=\"row\">\n            <div class=\"col-md-12\">\n                <div class=\"title-box\">\n                    <div class=\"page-title-heading\">\n                        <h1 class=\"title\">MASURIAN DIALOGUE<\/h1>\n                    <\/div>\n                    <div class=\"breadcrumb-wrapper\">\n                        <\/div>                    <\/div>\n                <\/div>\n            <\/div>\n        <\/div>\n    <\/div>\n<\/div><\/header>\n\n\n<section id=\"header-section-block_624ec2c1c716a\" class=\"header-section mb-50 ttm-row story-section position-relative clearfix  header-section\">\n        <div class=\"container\">\n        <div class=\"row\">\n            <div class=\"col-md-10 offset-md-1 col-lg-8 offset-lg-2\">\n                <div class=\"section-title text-center clearfix\">\n                    <div class=\"title-header\">\n                        <h5>MASURIAN DIALOGUE<\/h5>\n                        <h2 class=\"title\">   <\/h2>\n                    <\/div>\n                    <div class=\"heading-seperator\">\n                        <span><\/span>\n                    <\/div>\n                <\/div>\n            <\/div>\n        <\/div>\n        <div class=\"row\">\n            <div class=\"col-md-10 offset-md-1 col-lg-8 offset-lg-2 editor-wysiwyg text-center desc-list-wysiwyg\">\n                <p style=\"text-align: left;\"><span style=\"font-weight: 400;\">Dialogue, as you know, is the language of a given region. We often hear words in the Silesian Kurpie or Pozna\u0144 dialect. However, few people know that Masurians also had their own language.<\/span><\/p>\n<p style=\"text-align: left;\"><span style=\"font-weight: 400;\">Every dialect is spoken language, so if you don&#8217;t use it it eventually fades away. Unfortunately, currently very few people know the real Masurian dialect, and even fewer people use it.<\/span><\/p>\n<p style=\"text-align: left;\"><span style=\"font-weight: 400;\">Masurian dialect was used mainly in the Duchy of Prussia by Polish settlers &#8211; peasants and nobility from around the fourteenth century until the end of the eighteenth century. There were very few borrowings from Prussian and German in the Masurian dialect of this period. On the other hand, from the beginning of the 19th century, along with the intensification of Germanization, the Masurian dialect was supplanted by the German language and, at the same time, it absorbed numerous Germanisms.<\/span><\/p>\n<p style=\"text-align: left;\"><span style=\"font-weight: 400;\">Currently, people who speak the Masurian dialect fluently can be counted on their fingers. It&#8217;s a pity, because we have something that we can be famous no worse than the inhabitants of, for example, Silesia.<\/span><\/p>\n<p style=\"text-align: left;\"><span style=\"font-weight: 400;\">A basic dictionary of Masurian dialect can be found at the reception desk of King Sielawy. There are also more and more new publications written in dialect. The most interesting of them is the complete translation of &#8220;The Little Prince&#8221; by Antoine de Saint-Exupery into the Masurian language. There is also a primer to learn the dialect of &#8220;MAZURSKI F\u00c9BEL abo MAZURSK\u00c1 FIBLA, or ELEMENTAR of the Masurian speech&#8221;, as for now in the pdf version, however, when the printed version is created, it will certainly be in our collection.<\/span><\/p>\n<p style=\"text-align: left;\"><span style=\"font-weight: 400;\">The Masurian anthem was created by Friedrich Dewischeit &#8211; a member of the aforementioned Corps Masovia. The original was written in German in 1855. The anthem was quickly gaining popularity. In the interwar period, when Masuria was dragged from one side to the other by the Germans and Poles, Wiktor Szeler created a Polish-language adaptation of this text. The melody is also inspired by the original, although not completely identical to it. The text with notes was published by Karol Ma\u0142\u0142ek in Gazeta Mazurska in 1923 and sometimes he is wrongly credited with the authorship of the Polish version.<\/span><\/p>\n<p style=\"text-align: left;\"><span style=\"font-weight: 400;\">Below we present the Masurian anthem in its original version:<\/span><\/p>\n<p style=\"text-align: center;\"><span style=\"font-weight: 400;\">Psioter \u00f4t Sziatk\u00f3w \u2013 Psieszni\u00e1 Mazur\u00f3w\u00a0<\/span><\/p>\n<p style=\"text-align: center;\"><span style=\"font-weight: 400;\">Wszr\u00f3d modr\u00e9ch fal<\/span><\/p>\n<p style=\"text-align: center;\"><span style=\"font-weight: 400;\">B\u00e1ta riback\u00e1 w jie\u017ciora mknie dal<\/span><\/p>\n<p style=\"text-align: center;\"><span style=\"font-weight: 400;\">Ji pruje wodi c\u00ffst\u00f3 t\u00f3\u0144,<\/span><\/p>\n<p style=\"text-align: center;\"><span style=\"font-weight: 400;\">Mazursk\u00e1 kr\u017cepk\u00e1 ch\u0142opsk\u00e1 d\u0142\u00f3\u0144<\/span><\/p>\n<p style=\"text-align: center;\"><span style=\"font-weight: 400;\">Kiej nak\u00f3w bur\u017ci rozhuc\u00ff szie gr\u017cniot<\/span><\/p>\n<p style=\"text-align: center;\"><span style=\"font-weight: 400;\">Sw\u00f3j lot<\/span><\/p>\n<p style=\"text-align: center;\"><span style=\"font-weight: 400;\">Pr\u017cispsies\u00e1 b\u00e1ta ji fur\u00e1 jek grot<\/span><\/p>\n<p style=\"text-align: center;\"><span style=\"font-weight: 400;\">Bez rozsala\u0142\u00e9ch fal\u00f3w splot<\/span><\/p>\n<p style=\"text-align: center;\"><span style=\"font-weight: 400;\">\u00d4jc\u00ffzna to nas\u00e1, te wodi, t\u00e9n las<\/span><\/p>\n<p style=\"text-align: center;\"><span style=\"font-weight: 400;\">Niech z\u00ffj\u00f3 Mazuri t\u00e9n kraj pe\u0142\u00e9n kras!<\/span><\/p>\n<p style=\"text-align: center;\"><span style=\"font-weight: 400;\">Zasuni\u00e1\u0142 b\u00f3r\u2026<\/span><\/p>\n<p style=\"text-align: center;\"><span style=\"font-weight: 400;\">Wznos\u00f3 ptas\u00ffn\u00ff zr\u00e9nkowi sw\u00f3j ch\u00f3r<\/span><\/p>\n<p style=\"text-align: center;\"><span style=\"font-weight: 400;\">Ajw j\u00e9gier szie skrad\u00e1 bez bzi\u00e9le ji gaj<\/span><\/p>\n<p style=\"text-align: center;\"><span style=\"font-weight: 400;\">Bo nase Mazuri pr\u017ced j\u00e9gra to raj<\/span><\/p>\n<p style=\"text-align: center;\"><span style=\"font-weight: 400;\">A ki\u00e9j do nieba podnieszies sw\u00f3j wzrok<\/span><\/p>\n<p style=\"text-align: center;\"><span style=\"font-weight: 400;\">Co krok<\/span><\/p>\n<p style=\"text-align: center;\"><span style=\"font-weight: 400;\">\u00d4b\u0142ok\u00f3w szie ksta\u0142ti andruj\u00f3 r\u00e1z wr\u00e1z<\/span><\/p>\n<p style=\"text-align: center;\"><span style=\"font-weight: 400;\">\u00d4jc\u00ffzna to nas\u00e1, te wodi, t\u00e9n las<\/span><\/p>\n<p style=\"text-align: center;\"><span style=\"font-weight: 400;\">Niech z\u00ffj\u00f3 Mazuri, t\u00e9n kraj pe\u0142\u00e9n kras!<\/span><\/p>\n<p style=\"text-align: center;\"><span style=\"font-weight: 400;\">Bez wodi ji l\u00f3nd,<\/span><\/p>\n<p style=\"text-align: center;\"><span style=\"font-weight: 400;\">Zietr\u017c\u00f3w s\u00e9roki ji fatki dmie pr\u00f3nd<\/span><\/p>\n<p style=\"text-align: center;\"><span style=\"font-weight: 400;\">Ajw w ti drogi \u00f4jc\u00ff\u017cnie na zawdi chce bicz,<\/span><\/p>\n<p style=\"text-align: center;\"><span style=\"font-weight: 400;\">Ajw chce j\u00e1 z\u00e9mr\u017c\u00e9cz i ajwoj chce z\u00ffcz<\/span><\/p>\n<p style=\"text-align: center;\"><span style=\"font-weight: 400;\">Ajw chce j\u00e1 z\u00e9mr\u017c\u00e9cz i ajwoj chce z\u00ffcz<\/span><\/p>\n<p style=\"text-align: center;\"><span style=\"font-weight: 400;\">Ajw, k\u00e9ndi z\u00ffje d\u017cieln\u00ff nas lud<\/span><\/p>\n<p style=\"text-align: center;\"><span style=\"font-weight: 400;\">Wszr\u00f3d cn\u00f3t<\/span><\/p>\n<p style=\"text-align: center;\"><span style=\"font-weight: 400;\">Ji s\u0142\u00f3\u0144ce \u00f4szwec\u00e1 nas zbozn\u00ff trud<\/span><\/p>\n<p style=\"text-align: center;\"><span style=\"font-weight: 400;\">\u00d4jc\u00ffzna to nas\u00e1, te wodi ji las,<\/span><\/p>\n<p style=\"text-align: center;\"><span style=\"font-weight: 400;\">Niech z\u00ffj\u00f3 Mazuri, t\u00e9n kraj pe\u0142\u00e9n kras!<\/span><\/p>\n<p style=\"text-align: center;\"><span style=\"font-weight: 400;\">Psioter \u00f4t Sziatk\u00f3w \u2013 Psieszni\u00e1 Mazur\u00f3w (2019): t\u0142um. z niem. orygina\u0142u<\/span><\/p>\n<p style=\"text-align: center;\"><span style=\"font-weight: 400;\">Fest z je\u017ci\u00f3r zietr\u017c dnie<\/span><\/p>\n<p style=\"text-align: center;\"><span style=\"font-weight: 400;\">B\u00e1ta riback\u00e1 pr\u017cispsies\u00e1 sw\u00f3j bzi\u00e9g<\/span><\/p>\n<p style=\"text-align: center;\"><span style=\"font-weight: 400;\">Sum bzi\u00e1\u0142i ni szni\u00e9g<\/span><\/p>\n<p style=\"text-align: center;\"><span style=\"font-weight: 400;\">\u00d4d g\u0142\u00e9mbzi z wa\u0142ani durch buch\u00e1 na br\u017c\u00e9g<\/span><\/p>\n<p style=\"text-align: center;\"><span style=\"font-weight: 400;\">Fur\u00e1 \u00f4b\u0142ocek nad psi\u00e9nkn\u00f3 \u00f4jc\u00f3w \u017ci\u00e9\u0144!<\/span><\/p>\n<p style=\"text-align: center;\"><span style=\"font-weight: 400;\">\u00d4ch, p\u00f3d\u017cwa gr\u00e9nd\u00f3 k\u2019\u00f4jc\u00ff\u017cnie<\/span><\/p>\n<p style=\"text-align: center;\"><span style=\"font-weight: 400;\">Ki\u00e9n rodn\u00ff psi\u00e9\u0144<\/span><\/p>\n<p style=\"text-align: center;\"><span style=\"font-weight: 400;\">Mazurski raj, d\u00f3matoszcz ma<\/span><\/p>\n<p style=\"text-align: center;\"><span style=\"font-weight: 400;\">Niech z\u00ffj\u00f3 Mazuri, \u00f4jc\u00ffsti nas kraj.<\/span><\/p>\n<p style=\"text-align: center;\"><span style=\"font-weight: 400;\">Mazurski raj, d\u00f3matoszcz ma<\/span><\/p>\n<p style=\"text-align: center;\"><span style=\"font-weight: 400;\">Niech z\u00ffj\u00f3 Mazuri, \u00f4jc\u00ffsti kraj!<\/span><\/p>\n            <\/div>\n            <div class=\"col-md-12\">\n                <div class=\"mt-20\">\n                                    <\/div>\n            <\/div>\n        <\/div>\n    <\/div>\n<\/section>","protected":false},"excerpt":{"rendered":"","protected":false},"author":2,"featured_media":0,"parent":0,"menu_order":0,"comment_status":"closed","ping_status":"closed","template":"","meta":[],"acf":[],"yoast_head":"<!-- This site is optimized with the Yoast SEO plugin v20.2.1 - https:\/\/yoast.com\/wordpress\/plugins\/seo\/ -->\n<title>Masurian dialogue - Krol Sielaw<\/title>\n<meta name=\"robots\" content=\"index, follow, max-snippet:-1, max-image-preview:large, max-video-preview:-1\" \/>\n<link rel=\"canonical\" href=\"https:\/\/krolsielaw.pl\/en\/gwara-mazurska-chcema-tu-poziedac-by-kucno-nie-byl-chcemy-tu-poopowiadac-zeby-nudno-nie-bylo\/\" \/>\n<meta property=\"og:locale\" content=\"en_US\" \/>\n<meta property=\"og:type\" content=\"article\" \/>\n<meta property=\"og:title\" content=\"Masurian dialogue - Krol Sielaw\" \/>\n<meta property=\"og:url\" content=\"https:\/\/krolsielaw.pl\/en\/gwara-mazurska-chcema-tu-poziedac-by-kucno-nie-byl-chcemy-tu-poopowiadac-zeby-nudno-nie-bylo\/\" \/>\n<meta property=\"og:site_name\" content=\"Krol Sielaw\" \/>\n<meta property=\"article:publisher\" content=\"https:\/\/www.facebook.com\/krolsielaw\" \/>\n<meta property=\"article:modified_time\" content=\"2022-09-08T11:19:25+00:00\" \/>\n<meta property=\"og:image\" content=\"https:\/\/krolsielaw.pl\/wp-content\/uploads\/2021\/11\/cropped-icon-sielaw-1.png\" \/>\n\t<meta property=\"og:image:width\" content=\"512\" \/>\n\t<meta property=\"og:image:height\" content=\"512\" \/>\n\t<meta property=\"og:image:type\" content=\"image\/png\" \/>\n<meta name=\"twitter:card\" content=\"summary_large_image\" \/>\n<script type=\"application\/ld+json\" class=\"yoast-schema-graph\">{\"@context\":\"https:\/\/schema.org\",\"@graph\":[{\"@type\":\"WebPage\",\"@id\":\"https:\/\/krolsielaw.pl\/en\/gwara-mazurska-chcema-tu-poziedac-by-kucno-nie-byl-chcemy-tu-poopowiadac-zeby-nudno-nie-bylo\/\",\"url\":\"https:\/\/krolsielaw.pl\/en\/gwara-mazurska-chcema-tu-poziedac-by-kucno-nie-byl-chcemy-tu-poopowiadac-zeby-nudno-nie-bylo\/\",\"name\":\"Masurian dialogue - Krol Sielaw\",\"isPartOf\":{\"@id\":\"https:\/\/krolsielaw.pl\/#website\"},\"datePublished\":\"2022-09-02T10:56:02+00:00\",\"dateModified\":\"2022-09-08T11:19:25+00:00\",\"breadcrumb\":{\"@id\":\"https:\/\/krolsielaw.pl\/en\/gwara-mazurska-chcema-tu-poziedac-by-kucno-nie-byl-chcemy-tu-poopowiadac-zeby-nudno-nie-bylo\/#breadcrumb\"},\"inLanguage\":\"en-US\",\"potentialAction\":[{\"@type\":\"ReadAction\",\"target\":[\"https:\/\/krolsielaw.pl\/en\/gwara-mazurska-chcema-tu-poziedac-by-kucno-nie-byl-chcemy-tu-poopowiadac-zeby-nudno-nie-bylo\/\"]}]},{\"@type\":\"BreadcrumbList\",\"@id\":\"https:\/\/krolsielaw.pl\/en\/gwara-mazurska-chcema-tu-poziedac-by-kucno-nie-byl-chcemy-tu-poopowiadac-zeby-nudno-nie-bylo\/#breadcrumb\",\"itemListElement\":[{\"@type\":\"ListItem\",\"position\":1,\"name\":\"Strona g\u0142\u00f3wna\",\"item\":\"https:\/\/krolsielaw.pl\/en\/\"},{\"@type\":\"ListItem\",\"position\":2,\"name\":\"Masurian dialogue\"}]},{\"@type\":\"WebSite\",\"@id\":\"https:\/\/krolsielaw.pl\/#website\",\"url\":\"https:\/\/krolsielaw.pl\/\",\"name\":\"Krol Sielaw\",\"description\":\"Go\u015bciniec Kr\u00f3l Sielaw\",\"publisher\":{\"@id\":\"https:\/\/krolsielaw.pl\/#organization\"},\"alternateName\":\"www.krolsielaw.pl\",\"potentialAction\":[{\"@type\":\"SearchAction\",\"target\":{\"@type\":\"EntryPoint\",\"urlTemplate\":\"https:\/\/krolsielaw.pl\/?s={search_term_string}\"},\"query-input\":\"required name=search_term_string\"}],\"inLanguage\":\"en-US\"},{\"@type\":\"Organization\",\"@id\":\"https:\/\/krolsielaw.pl\/#organization\",\"name\":\"Krol Sielaw\",\"url\":\"https:\/\/krolsielaw.pl\/\",\"logo\":{\"@type\":\"ImageObject\",\"inLanguage\":\"en-US\",\"@id\":\"https:\/\/krolsielaw.pl\/#\/schema\/logo\/image\/\",\"url\":\"https:\/\/krolsielaw.pl\/wp-content\/uploads\/2022\/01\/cropped-logokrolsielaw-1-1.png\",\"contentUrl\":\"https:\/\/krolsielaw.pl\/wp-content\/uploads\/2022\/01\/cropped-logokrolsielaw-1-1.png\",\"width\":186,\"height\":66,\"caption\":\"Krol Sielaw\"},\"image\":{\"@id\":\"https:\/\/krolsielaw.pl\/#\/schema\/logo\/image\/\"},\"sameAs\":[\"https:\/\/www.facebook.com\/krolsielaw\"]}]}<\/script>\n<!-- \/ Yoast SEO plugin. -->","yoast_head_json":{"title":"Masurian dialogue - Krol Sielaw","robots":{"index":"index","follow":"follow","max-snippet":"max-snippet:-1","max-image-preview":"max-image-preview:large","max-video-preview":"max-video-preview:-1"},"canonical":"https:\/\/krolsielaw.pl\/en\/gwara-mazurska-chcema-tu-poziedac-by-kucno-nie-byl-chcemy-tu-poopowiadac-zeby-nudno-nie-bylo\/","og_locale":"en_US","og_type":"article","og_title":"Masurian dialogue - Krol Sielaw","og_url":"https:\/\/krolsielaw.pl\/en\/gwara-mazurska-chcema-tu-poziedac-by-kucno-nie-byl-chcemy-tu-poopowiadac-zeby-nudno-nie-bylo\/","og_site_name":"Krol Sielaw","article_publisher":"https:\/\/www.facebook.com\/krolsielaw","article_modified_time":"2022-09-08T11:19:25+00:00","og_image":[{"width":512,"height":512,"url":"https:\/\/krolsielaw.pl\/wp-content\/uploads\/2021\/11\/cropped-icon-sielaw-1.png","type":"image\/png"}],"twitter_card":"summary_large_image","schema":{"@context":"https:\/\/schema.org","@graph":[{"@type":"WebPage","@id":"https:\/\/krolsielaw.pl\/en\/gwara-mazurska-chcema-tu-poziedac-by-kucno-nie-byl-chcemy-tu-poopowiadac-zeby-nudno-nie-bylo\/","url":"https:\/\/krolsielaw.pl\/en\/gwara-mazurska-chcema-tu-poziedac-by-kucno-nie-byl-chcemy-tu-poopowiadac-zeby-nudno-nie-bylo\/","name":"Masurian dialogue - Krol Sielaw","isPartOf":{"@id":"https:\/\/krolsielaw.pl\/#website"},"datePublished":"2022-09-02T10:56:02+00:00","dateModified":"2022-09-08T11:19:25+00:00","breadcrumb":{"@id":"https:\/\/krolsielaw.pl\/en\/gwara-mazurska-chcema-tu-poziedac-by-kucno-nie-byl-chcemy-tu-poopowiadac-zeby-nudno-nie-bylo\/#breadcrumb"},"inLanguage":"en-US","potentialAction":[{"@type":"ReadAction","target":["https:\/\/krolsielaw.pl\/en\/gwara-mazurska-chcema-tu-poziedac-by-kucno-nie-byl-chcemy-tu-poopowiadac-zeby-nudno-nie-bylo\/"]}]},{"@type":"BreadcrumbList","@id":"https:\/\/krolsielaw.pl\/en\/gwara-mazurska-chcema-tu-poziedac-by-kucno-nie-byl-chcemy-tu-poopowiadac-zeby-nudno-nie-bylo\/#breadcrumb","itemListElement":[{"@type":"ListItem","position":1,"name":"Strona g\u0142\u00f3wna","item":"https:\/\/krolsielaw.pl\/en\/"},{"@type":"ListItem","position":2,"name":"Masurian dialogue"}]},{"@type":"WebSite","@id":"https:\/\/krolsielaw.pl\/#website","url":"https:\/\/krolsielaw.pl\/","name":"Krol Sielaw","description":"Go\u015bciniec Kr\u00f3l Sielaw","publisher":{"@id":"https:\/\/krolsielaw.pl\/#organization"},"alternateName":"www.krolsielaw.pl","potentialAction":[{"@type":"SearchAction","target":{"@type":"EntryPoint","urlTemplate":"https:\/\/krolsielaw.pl\/?s={search_term_string}"},"query-input":"required name=search_term_string"}],"inLanguage":"en-US"},{"@type":"Organization","@id":"https:\/\/krolsielaw.pl\/#organization","name":"Krol Sielaw","url":"https:\/\/krolsielaw.pl\/","logo":{"@type":"ImageObject","inLanguage":"en-US","@id":"https:\/\/krolsielaw.pl\/#\/schema\/logo\/image\/","url":"https:\/\/krolsielaw.pl\/wp-content\/uploads\/2022\/01\/cropped-logokrolsielaw-1-1.png","contentUrl":"https:\/\/krolsielaw.pl\/wp-content\/uploads\/2022\/01\/cropped-logokrolsielaw-1-1.png","width":186,"height":66,"caption":"Krol Sielaw"},"image":{"@id":"https:\/\/krolsielaw.pl\/#\/schema\/logo\/image\/"},"sameAs":["https:\/\/www.facebook.com\/krolsielaw"]}]}},"_links":{"self":[{"href":"https:\/\/krolsielaw.pl\/en\/wp-json\/wp\/v2\/pages\/1900"}],"collection":[{"href":"https:\/\/krolsielaw.pl\/en\/wp-json\/wp\/v2\/pages"}],"about":[{"href":"https:\/\/krolsielaw.pl\/en\/wp-json\/wp\/v2\/types\/page"}],"author":[{"embeddable":true,"href":"https:\/\/krolsielaw.pl\/en\/wp-json\/wp\/v2\/users\/2"}],"replies":[{"embeddable":true,"href":"https:\/\/krolsielaw.pl\/en\/wp-json\/wp\/v2\/comments?post=1900"}],"version-history":[{"count":3,"href":"https:\/\/krolsielaw.pl\/en\/wp-json\/wp\/v2\/pages\/1900\/revisions"}],"predecessor-version":[{"id":2150,"href":"https:\/\/krolsielaw.pl\/en\/wp-json\/wp\/v2\/pages\/1900\/revisions\/2150"}],"wp:attachment":[{"href":"https:\/\/krolsielaw.pl\/en\/wp-json\/wp\/v2\/media?parent=1900"}],"curies":[{"name":"wp","href":"https:\/\/api.w.org\/{rel}","templated":true}]}}