{"id":1901,"date":"2022-09-02T13:09:05","date_gmt":"2022-09-02T11:09:05","guid":{"rendered":"https:\/\/krolsielaw.pl\/?page_id=1901"},"modified":"2022-09-05T14:53:56","modified_gmt":"2022-09-05T12:53:56","slug":"masuria-unknown","status":"publish","type":"page","link":"https:\/\/krolsielaw.pl\/en\/masuria-unknown\/","title":{"rendered":"Masuria unknown"},"content":{"rendered":"\n<header id=\"header-block_628ba03f235c1\" class=\"header\">\n    <div class=\"header-main ttm-page-title-row\" style=\"background-image: url(https:\/\/krolsielaw.pl\/wp-content\/uploads\/2021\/12\/fot.-klimek-11.jpg);\">\n<div class=\"ttm-row-wrapper-bg-layer ttm-bgcolor-darkgrey ttm-bg ttm-bgimage-yes ttm-bg-layer hero-image-overlay\" style=\"opacity:0.6\"><\/div>\n    <div class=\"container\">\n        <div class=\"row\">\n            <div class=\"col-md-12\">\n                <div class=\"title-box\">\n                    <div class=\"page-title-heading\">\n                        <h1 class=\"title\">Masuria unknown<\/h1>\n                    <\/div>\n                    <div class=\"breadcrumb-wrapper\">\n                        <\/div>                    <\/div>\n                <\/div>\n            <\/div>\n        <\/div>\n    <\/div>\n<\/div><\/header>\n\n\n<section id=\"header-section-block_628ba083235c2\" class=\"header-section mb-50 ttm-row story-section position-relative clearfix  header-section\">\n        <div class=\"container\">\n        <div class=\"row\">\n            <div class=\"col-md-10 offset-md-1 col-lg-8 offset-lg-2\">\n                <div class=\"section-title text-center clearfix\">\n                    <div class=\"title-header\">\n                        <h5>   <\/h5>\n                        <h2 class=\"title\">Masuria &#8211; This is where we come from<\/h2>\n                    <\/div>\n                    <div class=\"heading-seperator\">\n                        <span><\/span>\n                    <\/div>\n                <\/div>\n            <\/div>\n        <\/div>\n        <div class=\"row\">\n            <div class=\"col-md-10 offset-md-1 col-lg-8 offset-lg-2 editor-wysiwyg text-center desc-list-wysiwyg\">\n                <p style=\"text-align: left;\"><span style=\"font-weight: 400;\">\u00a0 \u00a0 How exactly was Masuria created? Where did they come from on the maps of Poland and the world? And we are not talking about geographical or historical origins. Let&#8217;s go a little deeper into the recesses of stories, legends and folk tales. There are two beautiful stories &#8211; one rooted in the Christian religion, and the other in stories passed down from generation to generation among the indigenous peoples of these lands.<\/span><\/p>\n<p style=\"text-align: left;\"><span style=\"font-weight: 400;\">\u00a0 \u00a0 We invite you to an extraordinary journey among legends and tales passed down from generation to generation.<\/span><\/p>\n<p style=\"text-align: left;\"><strong>Masuria created by God<\/strong><\/p>\n<p style=\"text-align: left;\"><span style=\"font-weight: 400;\">\u00a0 \u00a0 When God made the earth, he decided to rest. He looked at his handiwork and discovered a deep hole in one place. It was the place where Masuria is now located. God decided to fill the cavity, but he had nothing to do. Therefore, from all over the globe, he carried various materials with his hands. He built mounds and hills out of mountain rocks and stones. He brought clay from the lowlands, and sand from the deserts. They created the Masurian soil. From some huge swamps, he created the Masurian quagmire. He divided the forest into many smaller forests. From the lands rich in underground treasures, he collected some iron ore and peat deposits. Many times his hands carried the water and poured out into the depressions. This is how numerous lakes were created. A varied Masurian landscape was created.<\/span><\/p>\n<p style=\"text-align: left;\"><strong>The creation of Masuria in the legend<\/strong><\/p>\n<p style=\"text-align: left;\"><span style=\"font-weight: 400;\">\u00a0 \u00a0 Thousands of years ago, a beautiful giantess lived in the land of Masuria, who wore a string of wonderful pearls around her neck. Whoever saw these pearls forgot about their troubles. The young giant fell in love with this beautiful girl and wanted to marry her, but she refused him and began to run away from the giant urgent to get married. During the escape, a string of pearls broke and they scattered throughout Masuria, turning into lakes. In the place where the whole pearl fell, lakes with circular shapes were formed. Where the pearl crashed as it fell, lakes with irregular shapes were formed. Despite the change into lakes, pearls retained their secret power.<\/span><\/p>\n<p style=\"text-align: left;\"><strong>Masuria which you have not met yet&#8230;<\/strong><\/p>\n<p style=\"text-align: left;\"><span style=\"font-weight: 400;\">\u00a0 \u00a0 What can you see in Masuria? Asking such a question to people not related to our region, we will certainly receive the same answers: Miko\u0142ajki, Mr\u0105gowo, Gi\u017cycko or W\u0119gorzewo. But is Masuria just all these beautiful cities? Will there be something for someone who has been to Masuria five or ten times? What can you actually see here apart from what everyone recommends? Well, a lot! And we&#8217;ll prove it in a moment. We invite you on a tour of the little-known!<\/span><\/p>\n<p style=\"text-align: left;\"><strong>Miko\u0142ajki and what&#8217;s behind copper<\/strong><\/p>\n<p style=\"text-align: left;\"><span style=\"font-weight: 400;\">\u00a0 \u00a0 What can you see in Miko\u0142ajki? Of course, apart from the city itself, with its charming streets, old architecture intertwined with modernity, or a promenade right above the mirror of Lake Miko\u0142ajskie?<\/span><\/p>\n<p style=\"text-align: left;\"><span style=\"font-weight: 400;\"><strong>\u00a0 \u00a0 Museum of the Polish Reformation<\/strong> &#8211; one of the often overlooked, but fortunately in recent years more and more recognizable attractions of Miko\u0142ajki. Masurians were Evangelicals and to this day this region, next to Cieszyn Silesia, is an enclave of Polish Evangelicals. Anyone who wants to learn more about the Masurian Evangelical religion and its history should visit the Reformation Museum and talk to its custodian.<\/span><\/p>\n<p style=\"text-align: left;\"><img decoding=\"async\" loading=\"lazy\" class=\"aligncenter wp-image-1365 size-thumbnail\" src=\"https:\/\/krolsielaw.pl\/wp-content\/uploads\/2022\/06\/muzeum-reformacji-559x600.jpg\" alt=\"\" width=\"559\" height=\"600\" srcset=\"https:\/\/krolsielaw.pl\/wp-content\/uploads\/2022\/06\/muzeum-reformacji-559x600.jpg 559w, https:\/\/krolsielaw.pl\/wp-content\/uploads\/2022\/06\/muzeum-reformacji.jpg 652w\" sizes=\"(max-width: 559px) 100vw, 559px\" \/><\/p>\n<p style=\"text-align: left;\"><span style=\"font-weight: 400;\">\u00a0 \u00a0 Another interesting point is the <strong>panorama from the observation tower of the church of St. Nicholas<\/strong>. The church is a modern temple and tourists love to visit it as they can climb the lookout tower from which you can see all of Miko\u0142ajki and the surrounding lakes. In the distance you can even see Lake \u0141uknajno, which is a mute swan reserve. Before you come here, check the plaque in front of the church or at the tourist information desk when the tower is open to visitors.<\/span><\/p>\n<p style=\"text-align: left;\"><img decoding=\"async\" loading=\"lazy\" class=\"aligncenter wp-image-1372 size-thumbnail\" src=\"https:\/\/krolsielaw.pl\/wp-content\/uploads\/2022\/06\/wiez\u0307a-kos\u0301cio\u0301l-600x400.jpg\" alt=\"\" width=\"600\" height=\"400\" srcset=\"https:\/\/krolsielaw.pl\/wp-content\/uploads\/2022\/06\/wiez\u0307a-kos\u0301cio\u0301l-600x400.jpg 600w, https:\/\/krolsielaw.pl\/wp-content\/uploads\/2022\/06\/wiez\u0307a-kos\u0301cio\u0301l.jpg 750w\" sizes=\"(max-width: 600px) 100vw, 600px\" \/><\/p>\n<p style=\"text-align: left;\"><span style=\"font-weight: 400;\">\u00a0 \u00a0 Not many tourists reach the old Jewish cemetery in Miko\u0142ajki. It is a pity, because at present it is the largest and best-preserved Jewish cemetery in Masuria. Jews used to be part of the Masurian community, which was brought to an end in Miko\u0142ajki by the events of Kristallnacht in 1938. This is the year in which the last Jews were buried at the Miko\u0142ajki cemetery.<\/span><\/p>\n<p style=\"text-align: left;\"><img decoding=\"async\" loading=\"lazy\" class=\"aligncenter wp-image-1352 size-thumbnail\" src=\"https:\/\/krolsielaw.pl\/wp-content\/uploads\/2022\/06\/cmentarz-z\u0307ydowski-600x286.jpg\" alt=\"\" width=\"600\" height=\"286\" srcset=\"https:\/\/krolsielaw.pl\/wp-content\/uploads\/2022\/06\/cmentarz-z\u0307ydowski-600x286.jpg 600w, https:\/\/krolsielaw.pl\/wp-content\/uploads\/2022\/06\/cmentarz-z\u0307ydowski-1200x572.jpg 1200w, https:\/\/krolsielaw.pl\/wp-content\/uploads\/2022\/06\/cmentarz-z\u0307ydowski-768x366.jpg 768w, https:\/\/krolsielaw.pl\/wp-content\/uploads\/2022\/06\/cmentarz-z\u0307ydowski-1536x732.jpg 1536w, https:\/\/krolsielaw.pl\/wp-content\/uploads\/2022\/06\/cmentarz-z\u0307ydowski.jpg 1600w\" sizes=\"(max-width: 600px) 100vw, 600px\" \/><\/p>\n<p style=\"text-align: left;\"><span style=\"font-weight: 400;\">AND JUST BEHIND THE COPPER&#8230;<\/span><\/p>\n<p style=\"text-align: left;\"><span style=\"font-weight: 400;\">\u00a0 \u00a0 Only 4 km from Miko\u0142ajki, we will find ourselves in the village of \u0141uknajno. It is here that we run our second facility, Folwark \u0141uknajno. A place close to nature, located on the shores of Lake \u015aniardwy. In our area, in addition to accommodation, a home restaurant, and a campsite, you can rest on the shores of the lake and admire the beautiful panorama of the lake from the observation tower. On the other side of the building, following a narrow path just behind the information boards, you will reach the observation tower on Lake \u0141uknajno &#8211; a real Mecca for ornithologists and nature lovers, entered on the UNESCO list. On the surface of the lake you can admire unusual species of birds, and in the autumn even thousands of mute swans.<\/span><\/p>\n<p style=\"text-align: left;\"><img decoding=\"async\" loading=\"lazy\" class=\"aligncenter wp-image-1355 size-full\" src=\"https:\/\/krolsielaw.pl\/wp-content\/uploads\/2022\/06\/folwark-jeziora.jpg\" alt=\"\" width=\"600\" height=\"450\" \/><\/p>\n<p style=\"text-align: left;\"><span style=\"font-weight: 400;\">\u00a0 \u00a0 Once upon a time, the area of Miko\u0142ajki was inhabited by the <strong>Galindian tribes<\/strong>. If you want to feel like in the old days, go to Iznota, to Galindia. The atmosphere created by the owners here allows it to move into the times of the Baltic tribe. Organized trips are &#8220;attacked&#8221; by people in skins, trees grow upside down here, dungeons are inhabited by demons. Guests can genuinely participate in the reconstruction of customs and spread the ideas of the Galindians together.<\/span><\/p>\n<p style=\"text-align: left;\"><img decoding=\"async\" loading=\"lazy\" class=\"aligncenter wp-image-1357 size-full\" src=\"https:\/\/krolsielaw.pl\/wp-content\/uploads\/2022\/06\/galindia.jpg\" alt=\"\" width=\"400\" height=\"267\" \/><\/p>\n<p style=\"text-align: left;\"><span style=\"font-weight: 400;\">\u00a0 \u00a0 In Marcinkowo near Mr\u0105gowo, we can move to a truly fairy-tale place, full of nature and passion for nature &#8211; &#8220;Gardens with passion&#8221;. In addition to the amazing amount of themes and styles of gardens, from Egyptian, Japanese or Moroccan, to Mediterranean, rose and love, we also find an offer of workshops and ecological classes.<\/span><\/p>\n<p style=\"text-align: left;\"><img decoding=\"async\" loading=\"lazy\" class=\"aligncenter wp-image-1366 size-thumbnail\" src=\"https:\/\/krolsielaw.pl\/wp-content\/uploads\/2022\/06\/ogrody-z-pasja\u0328-600x364.jpg\" alt=\"\" width=\"600\" height=\"364\" srcset=\"https:\/\/krolsielaw.pl\/wp-content\/uploads\/2022\/06\/ogrody-z-pasja\u0328-600x364.jpg 600w, https:\/\/krolsielaw.pl\/wp-content\/uploads\/2022\/06\/ogrody-z-pasja\u0328-768x465.jpg 768w, https:\/\/krolsielaw.pl\/wp-content\/uploads\/2022\/06\/ogrody-z-pasja\u0328.jpg 1200w\" sizes=\"(max-width: 600px) 100vw, 600px\" \/><\/p>\n<p style=\"text-align: left;\"><span style=\"font-weight: 400;\">MAZURIAN EDUCATION FARM<\/span><\/p>\n<p style=\"text-align: left;\"><span style=\"font-weight: 400;\">\u00a0 \u00a0 The region of Warmia and Mazury associates the Polish Network of Educational Farms, of which there are as many as 20 in our voivodeship! These are places where, in addition to the natural values, guests can experience workshops or the everyday life of agritourism places. Each of these places offers one-day programs, with or without an overnight stay. Below we present a few of them and we invite you to take advantage of their offer.<\/span><\/p>\n<p style=\"text-align: left;\"><span style=\"font-weight: 400;\">\u00a0 \u00a0 In the &#8220;<strong>Zielona Dolina<\/strong>&#8221; farm in Marcink\u00f3w near Mr\u0105gowo, the owners carefully cultivate old traditions. There you can try eggs from rural hens, fragrant apples from the orchard or delicious traditional bread baked in the oven. A place away from other farms, in the center of which stands a nineteenth-century building in a typical half-timbered style.<\/span><\/p>\n<p><img decoding=\"async\" loading=\"lazy\" class=\"aligncenter wp-image-1986 size-thumbnail\" src=\"https:\/\/krolsielaw.pl\/wp-content\/uploads\/2022\/09\/marcinkowo-11-600x450.jpg\" alt=\"\" width=\"600\" height=\"450\" srcset=\"https:\/\/krolsielaw.pl\/wp-content\/uploads\/2022\/09\/marcinkowo-11-600x450.jpg 600w, https:\/\/krolsielaw.pl\/wp-content\/uploads\/2022\/09\/marcinkowo-11-768x576.jpg 768w, https:\/\/krolsielaw.pl\/wp-content\/uploads\/2022\/09\/marcinkowo-11.jpg 1024w\" sizes=\"(max-width: 600px) 100vw, 600px\" \/><\/p>\n<p style=\"text-align: left;\"><span style=\"font-weight: 400;\">\u00a0 \u00a0 Another interesting item on the farm&#8217;s map is Siedlisko Nawiady, located about 25 km from Miko\u0142ajki. The specificity of the farm is horse breeding and the cultivation of certified vegetable gardens, orchards and meadow crops. This knowledge is mostly passed on to older teens and adults.<\/span><\/p>\n<p><img decoding=\"async\" loading=\"lazy\" class=\"aligncenter wp-image-1988 size-thumbnail\" src=\"https:\/\/krolsielaw.pl\/wp-content\/uploads\/2022\/09\/siedlisko-nawiady-600x400.jpg\" alt=\"\" width=\"600\" height=\"400\" srcset=\"https:\/\/krolsielaw.pl\/wp-content\/uploads\/2022\/09\/siedlisko-nawiady-600x400.jpg 600w, https:\/\/krolsielaw.pl\/wp-content\/uploads\/2022\/09\/siedlisko-nawiady-768x512.jpg 768w, https:\/\/krolsielaw.pl\/wp-content\/uploads\/2022\/09\/siedlisko-nawiady.jpg 1200w\" sizes=\"(max-width: 600px) 100vw, 600px\" \/><\/p>\n<p style=\"text-align: left;\"><span style=\"font-weight: 400;\">\u00a0 \u00a0 The Mazurian gold is certainly the best honey in Poland. We recommend a trip to the village of Gnatowo near K\u0119trzyn. The farm organizes educational activities and beekeeping workshops. On site, you can try different varieties of honey (including those entered on the List of Traditional Products), make beeswax candles yourself or pour a jar of honey that you can take with you.<\/span><\/p>\n<p><img decoding=\"async\" loading=\"lazy\" class=\"aligncenter wp-image-1987 size-thumbnail\" src=\"https:\/\/krolsielaw.pl\/wp-content\/uploads\/2022\/09\/gnatowo-600x398.jpg\" alt=\"\" width=\"600\" height=\"398\" srcset=\"https:\/\/krolsielaw.pl\/wp-content\/uploads\/2022\/09\/gnatowo-600x398.jpg 600w, https:\/\/krolsielaw.pl\/wp-content\/uploads\/2022\/09\/gnatowo-768x509.jpg 768w, https:\/\/krolsielaw.pl\/wp-content\/uploads\/2022\/09\/gnatowo.jpg 1200w\" sizes=\"(max-width: 600px) 100vw, 600px\" \/><\/p>\n            <\/div>\n            <div class=\"col-md-12\">\n                <div class=\"mt-20\">\n                                    <\/div>\n            <\/div>\n        <\/div>\n    <\/div>\n<\/section>","protected":false},"excerpt":{"rendered":"","protected":false},"author":2,"featured_media":0,"parent":0,"menu_order":0,"comment_status":"closed","ping_status":"closed","template":"","meta":[],"acf":[],"yoast_head":"<!-- This site is optimized with the Yoast SEO plugin v20.2.1 - https:\/\/yoast.com\/wordpress\/plugins\/seo\/ -->\n<title>Masuria unknown - Krol Sielaw<\/title>\n<meta name=\"robots\" content=\"index, follow, max-snippet:-1, max-image-preview:large, max-video-preview:-1\" \/>\n<link rel=\"canonical\" href=\"https:\/\/krolsielaw.pl\/en\/masuria-unknown\/\" \/>\n<meta property=\"og:locale\" content=\"en_US\" \/>\n<meta property=\"og:type\" content=\"article\" \/>\n<meta property=\"og:title\" content=\"Masuria unknown - Krol Sielaw\" \/>\n<meta property=\"og:url\" content=\"https:\/\/krolsielaw.pl\/en\/masuria-unknown\/\" \/>\n<meta property=\"og:site_name\" content=\"Krol Sielaw\" \/>\n<meta property=\"article:publisher\" content=\"https:\/\/www.facebook.com\/krolsielaw\" \/>\n<meta property=\"article:modified_time\" content=\"2022-09-05T12:53:56+00:00\" \/>\n<meta property=\"og:image\" content=\"https:\/\/krolsielaw.pl\/wp-content\/uploads\/2021\/11\/cropped-icon-sielaw-1.png\" \/>\n\t<meta property=\"og:image:width\" content=\"512\" \/>\n\t<meta property=\"og:image:height\" content=\"512\" \/>\n\t<meta property=\"og:image:type\" content=\"image\/png\" \/>\n<meta name=\"twitter:card\" content=\"summary_large_image\" \/>\n<script type=\"application\/ld+json\" class=\"yoast-schema-graph\">{\"@context\":\"https:\/\/schema.org\",\"@graph\":[{\"@type\":\"WebPage\",\"@id\":\"https:\/\/krolsielaw.pl\/en\/masuria-unknown\/\",\"url\":\"https:\/\/krolsielaw.pl\/en\/masuria-unknown\/\",\"name\":\"Masuria unknown - Krol Sielaw\",\"isPartOf\":{\"@id\":\"https:\/\/krolsielaw.pl\/#website\"},\"datePublished\":\"2022-09-02T11:09:05+00:00\",\"dateModified\":\"2022-09-05T12:53:56+00:00\",\"breadcrumb\":{\"@id\":\"https:\/\/krolsielaw.pl\/en\/masuria-unknown\/#breadcrumb\"},\"inLanguage\":\"en-US\",\"potentialAction\":[{\"@type\":\"ReadAction\",\"target\":[\"https:\/\/krolsielaw.pl\/en\/masuria-unknown\/\"]}]},{\"@type\":\"BreadcrumbList\",\"@id\":\"https:\/\/krolsielaw.pl\/en\/masuria-unknown\/#breadcrumb\",\"itemListElement\":[{\"@type\":\"ListItem\",\"position\":1,\"name\":\"Strona g\u0142\u00f3wna\",\"item\":\"https:\/\/krolsielaw.pl\/en\/\"},{\"@type\":\"ListItem\",\"position\":2,\"name\":\"Masuria unknown\"}]},{\"@type\":\"WebSite\",\"@id\":\"https:\/\/krolsielaw.pl\/#website\",\"url\":\"https:\/\/krolsielaw.pl\/\",\"name\":\"Krol Sielaw\",\"description\":\"Go\u015bciniec Kr\u00f3l Sielaw\",\"publisher\":{\"@id\":\"https:\/\/krolsielaw.pl\/#organization\"},\"alternateName\":\"www.krolsielaw.pl\",\"potentialAction\":[{\"@type\":\"SearchAction\",\"target\":{\"@type\":\"EntryPoint\",\"urlTemplate\":\"https:\/\/krolsielaw.pl\/?s={search_term_string}\"},\"query-input\":\"required name=search_term_string\"}],\"inLanguage\":\"en-US\"},{\"@type\":\"Organization\",\"@id\":\"https:\/\/krolsielaw.pl\/#organization\",\"name\":\"Krol Sielaw\",\"url\":\"https:\/\/krolsielaw.pl\/\",\"logo\":{\"@type\":\"ImageObject\",\"inLanguage\":\"en-US\",\"@id\":\"https:\/\/krolsielaw.pl\/#\/schema\/logo\/image\/\",\"url\":\"https:\/\/krolsielaw.pl\/wp-content\/uploads\/2022\/01\/cropped-logokrolsielaw-1-1.png\",\"contentUrl\":\"https:\/\/krolsielaw.pl\/wp-content\/uploads\/2022\/01\/cropped-logokrolsielaw-1-1.png\",\"width\":186,\"height\":66,\"caption\":\"Krol Sielaw\"},\"image\":{\"@id\":\"https:\/\/krolsielaw.pl\/#\/schema\/logo\/image\/\"},\"sameAs\":[\"https:\/\/www.facebook.com\/krolsielaw\"]}]}<\/script>\n<!-- \/ Yoast SEO plugin. -->","yoast_head_json":{"title":"Masuria unknown - Krol Sielaw","robots":{"index":"index","follow":"follow","max-snippet":"max-snippet:-1","max-image-preview":"max-image-preview:large","max-video-preview":"max-video-preview:-1"},"canonical":"https:\/\/krolsielaw.pl\/en\/masuria-unknown\/","og_locale":"en_US","og_type":"article","og_title":"Masuria unknown - Krol Sielaw","og_url":"https:\/\/krolsielaw.pl\/en\/masuria-unknown\/","og_site_name":"Krol Sielaw","article_publisher":"https:\/\/www.facebook.com\/krolsielaw","article_modified_time":"2022-09-05T12:53:56+00:00","og_image":[{"width":512,"height":512,"url":"https:\/\/krolsielaw.pl\/wp-content\/uploads\/2021\/11\/cropped-icon-sielaw-1.png","type":"image\/png"}],"twitter_card":"summary_large_image","schema":{"@context":"https:\/\/schema.org","@graph":[{"@type":"WebPage","@id":"https:\/\/krolsielaw.pl\/en\/masuria-unknown\/","url":"https:\/\/krolsielaw.pl\/en\/masuria-unknown\/","name":"Masuria unknown - Krol Sielaw","isPartOf":{"@id":"https:\/\/krolsielaw.pl\/#website"},"datePublished":"2022-09-02T11:09:05+00:00","dateModified":"2022-09-05T12:53:56+00:00","breadcrumb":{"@id":"https:\/\/krolsielaw.pl\/en\/masuria-unknown\/#breadcrumb"},"inLanguage":"en-US","potentialAction":[{"@type":"ReadAction","target":["https:\/\/krolsielaw.pl\/en\/masuria-unknown\/"]}]},{"@type":"BreadcrumbList","@id":"https:\/\/krolsielaw.pl\/en\/masuria-unknown\/#breadcrumb","itemListElement":[{"@type":"ListItem","position":1,"name":"Strona g\u0142\u00f3wna","item":"https:\/\/krolsielaw.pl\/en\/"},{"@type":"ListItem","position":2,"name":"Masuria unknown"}]},{"@type":"WebSite","@id":"https:\/\/krolsielaw.pl\/#website","url":"https:\/\/krolsielaw.pl\/","name":"Krol Sielaw","description":"Go\u015bciniec Kr\u00f3l Sielaw","publisher":{"@id":"https:\/\/krolsielaw.pl\/#organization"},"alternateName":"www.krolsielaw.pl","potentialAction":[{"@type":"SearchAction","target":{"@type":"EntryPoint","urlTemplate":"https:\/\/krolsielaw.pl\/?s={search_term_string}"},"query-input":"required name=search_term_string"}],"inLanguage":"en-US"},{"@type":"Organization","@id":"https:\/\/krolsielaw.pl\/#organization","name":"Krol Sielaw","url":"https:\/\/krolsielaw.pl\/","logo":{"@type":"ImageObject","inLanguage":"en-US","@id":"https:\/\/krolsielaw.pl\/#\/schema\/logo\/image\/","url":"https:\/\/krolsielaw.pl\/wp-content\/uploads\/2022\/01\/cropped-logokrolsielaw-1-1.png","contentUrl":"https:\/\/krolsielaw.pl\/wp-content\/uploads\/2022\/01\/cropped-logokrolsielaw-1-1.png","width":186,"height":66,"caption":"Krol Sielaw"},"image":{"@id":"https:\/\/krolsielaw.pl\/#\/schema\/logo\/image\/"},"sameAs":["https:\/\/www.facebook.com\/krolsielaw"]}]}},"_links":{"self":[{"href":"https:\/\/krolsielaw.pl\/en\/wp-json\/wp\/v2\/pages\/1901"}],"collection":[{"href":"https:\/\/krolsielaw.pl\/en\/wp-json\/wp\/v2\/pages"}],"about":[{"href":"https:\/\/krolsielaw.pl\/en\/wp-json\/wp\/v2\/types\/page"}],"author":[{"embeddable":true,"href":"https:\/\/krolsielaw.pl\/en\/wp-json\/wp\/v2\/users\/2"}],"replies":[{"embeddable":true,"href":"https:\/\/krolsielaw.pl\/en\/wp-json\/wp\/v2\/comments?post=1901"}],"version-history":[{"count":8,"href":"https:\/\/krolsielaw.pl\/en\/wp-json\/wp\/v2\/pages\/1901\/revisions"}],"predecessor-version":[{"id":1995,"href":"https:\/\/krolsielaw.pl\/en\/wp-json\/wp\/v2\/pages\/1901\/revisions\/1995"}],"wp:attachment":[{"href":"https:\/\/krolsielaw.pl\/en\/wp-json\/wp\/v2\/media?parent=1901"}],"curies":[{"name":"wp","href":"https:\/\/api.w.org\/{rel}","templated":true}]}}